{"id":24,"date":"2023-11-10T22:27:32","date_gmt":"2023-11-10T22:27:32","guid":{"rendered":"https:\/\/nouhoumthiam.com\/?page_id=24"},"modified":"2023-11-14T22:41:57","modified_gmt":"2023-11-14T22:41:57","slug":"lentrepreneuriat-et-linvestissement-moyens-de-developpement-et-depanouissement-des-jeunes","status":"publish","type":"page","link":"https:\/\/nouhoumthiam.com\/?page_id=24","title":{"rendered":"L&rsquo;entrepreneuriat et l&rsquo;investissement : moyens de d\u00e9veloppement et d&rsquo;\u00e9panouissement des jeunes"},"content":{"rendered":"\n<figure class=\"wp-block-image size-full\"><img loading=\"lazy\" decoding=\"async\" width=\"966\" height=\"960\" src=\"https:\/\/nouhoumthiam.com\/wp-content\/uploads\/2023\/11\/pic-officiel.jpg\" alt=\"\" class=\"wp-image-25\" srcset=\"https:\/\/nouhoumthiam.com\/wp-content\/uploads\/2023\/11\/pic-officiel.jpg 966w, https:\/\/nouhoumthiam.com\/wp-content\/uploads\/2023\/11\/pic-officiel-300x298.jpg 300w, https:\/\/nouhoumthiam.com\/wp-content\/uploads\/2023\/11\/pic-officiel-150x150.jpg 150w, https:\/\/nouhoumthiam.com\/wp-content\/uploads\/2023\/11\/pic-officiel-768x763.jpg 768w, https:\/\/nouhoumthiam.com\/wp-content\/uploads\/2023\/11\/pic-officiel-600x596.jpg 600w, https:\/\/nouhoumthiam.com\/wp-content\/uploads\/2023\/11\/pic-officiel-160x160.jpg 160w\" sizes=\"auto, (max-width: 966px) 100vw, 966px\" \/><\/figure>\n\n\n<p>L&rsquo;entrepreneuriat est un v\u00e9ritable levier de d\u00e9veloppement et d&rsquo;\u00e9panouissement pour les jeunes. En encourageant et en soutenant les jeunes entrepreneurs, nous contribuons \u00e0 la cr\u00e9ation d&#8217;emplois, \u00e0 l&rsquo;innovation et \u00e0 la croissance \u00e9conomique.<\/p>\n<p>L&rsquo;entrepreneuriat offre aux jeunes la possibilit\u00e9 de r\u00e9aliser leurs r\u00eaves et de concr\u00e9tiser leurs id\u00e9es. C&rsquo;est un moyen de prendre en main son destin et de cr\u00e9er sa propre entreprise. De nombreux jeunes ont d\u00e9j\u00e0 r\u00e9ussi \u00e0 cr\u00e9er des entreprises prosp\u00e8res et \u00e0 devenir des leaders dans leur domaine.<\/p>\n<p>L&rsquo;entrepreneuriat permet \u00e9galement aux jeunes de d\u00e9velopper leurs comp\u00e9tences et leur cr\u00e9ativit\u00e9. En lan\u00e7ant leur propre entreprise, ils acqui\u00e8rent une exp\u00e9rience pr\u00e9cieuse dans la gestion, le marketing, la finance et bien d&rsquo;autres domaines. Ils apprennent \u00e0 prendre des d\u00e9cisions, \u00e0 r\u00e9soudre des probl\u00e8mes et \u00e0 travailler en \u00e9quipe. Chez <a href=\"https:\/\/alphadistrib.com\" target=\"_blank\" rel=\"noopener\">https:\/\/alphadistrib.com<\/a>, nous vous accompagnons dans votre parcours entrepreneuriale.<\/p>\n<p>En plus de contribuer \u00e0 la croissance \u00e9conomique, l&rsquo;entrepreneuriat favorise l&rsquo;innovation. Les jeunes entrepreneurs apportent de nouvelles id\u00e9es, de nouvelles technologies et de nouveaux produits sur le march\u00e9. Ils sont souvent \u00e0 l&rsquo;origine de changements positifs dans notre soci\u00e9t\u00e9.<\/p>\n<p>Pour encourager l&rsquo;entrepreneuriat chez les jeunes, il est important de mettre en place des programmes de formation et de soutien. Les jeunes entrepreneurs ont besoin d&rsquo;accompagnement et de conseils pour r\u00e9ussir. Les gouvernements, les institutions financi\u00e8res et les organisations de soutien aux entrepreneurs jouent un r\u00f4le cl\u00e9 dans la promotion de l&rsquo;entrepreneuriat.<\/p>\n<p>En conclusion, l&rsquo;entrepreneuriat est un moyen puissant de d\u00e9veloppement et d&rsquo;\u00e9panouissement des jeunes. En les encourageant \u00e0 devenir des entrepreneurs, nous contribuons \u00e0 la cr\u00e9ation d&#8217;emplois, \u00e0 l&rsquo;innovation et \u00e0 la croissance \u00e9conomique. Il est essentiel de soutenir et de promouvoir l&rsquo;entrepreneuriat chez les jeunes afin de cr\u00e9er un avenir prosp\u00e8re pour tous.<\/p>","protected":false},"excerpt":{"rendered":"<p>L&rsquo;entrepreneuriat est un v\u00e9ritable levier de d\u00e9veloppement et d&rsquo;\u00e9panouissement pour les jeunes. En encourageant et en soutenant les jeunes entrepreneurs, nous contribuons \u00e0 la cr\u00e9ation d&#8217;emplois, \u00e0 l&rsquo;innovation et \u00e0 la croissance \u00e9conomique. L&rsquo;entrepreneuriat offre aux jeunes la possibilit\u00e9 de r\u00e9aliser leurs r\u00eaves et de concr\u00e9tiser leurs id\u00e9es. C&rsquo;est un [&hellip;]<\/p>\n","protected":false},"author":1,"featured_media":23,"parent":0,"menu_order":0,"comment_status":"closed","ping_status":"closed","template":"","meta":{"om_disable_all_campaigns":false,"_uf_show_specific_survey":0,"_uf_disable_surveys":false,"footnotes":""},"class_list":["post-24","page","type-page","status-publish","has-post-thumbnail","hentry"],"_links":{"self":[{"href":"https:\/\/nouhoumthiam.com\/index.php?rest_route=\/wp\/v2\/pages\/24","targetHints":{"allow":["GET"]}}],"collection":[{"href":"https:\/\/nouhoumthiam.com\/index.php?rest_route=\/wp\/v2\/pages"}],"about":[{"href":"https:\/\/nouhoumthiam.com\/index.php?rest_route=\/wp\/v2\/types\/page"}],"author":[{"embeddable":true,"href":"https:\/\/nouhoumthiam.com\/index.php?rest_route=\/wp\/v2\/users\/1"}],"replies":[{"embeddable":true,"href":"https:\/\/nouhoumthiam.com\/index.php?rest_route=%2Fwp%2Fv2%2Fcomments&post=24"}],"version-history":[{"count":2,"href":"https:\/\/nouhoumthiam.com\/index.php?rest_route=\/wp\/v2\/pages\/24\/revisions"}],"predecessor-version":[{"id":75,"href":"https:\/\/nouhoumthiam.com\/index.php?rest_route=\/wp\/v2\/pages\/24\/revisions\/75"}],"wp:featuredmedia":[{"embeddable":true,"href":"https:\/\/nouhoumthiam.com\/index.php?rest_route=\/wp\/v2\/media\/23"}],"wp:attachment":[{"href":"https:\/\/nouhoumthiam.com\/index.php?rest_route=%2Fwp%2Fv2%2Fmedia&parent=24"}],"curies":[{"name":"wp","href":"https:\/\/api.w.org\/{rel}","templated":true}]}}