{"id":19,"date":"2023-11-10T22:55:38","date_gmt":"2023-11-10T21:55:38","guid":{"rendered":"https:\/\/nouhoumthiam.com\/?page_id=19"},"modified":"2024-08-12T21:50:13","modified_gmt":"2024-08-12T20:50:13","slug":"accueil","status":"publish","type":"page","link":"https:\/\/nouhoumthiam.com\/?page_id=19","title":{"rendered":"Accueil"},"content":{"rendered":"\n<p>Nouhoum Thiam, est un entrepreneur \u00e0 succ\u00e8s. Il incarne l&rsquo;excellence et l&rsquo;innovation dans le monde des affaires. Parti de modestes d\u00e9buts, il est la preuve vivante que \u00ab\u00a0la puissance r\u00e9side dans l&rsquo;action\u00a0\u00bb.<\/p>\n\n\n\n<p><strong>Enfance et Formation<\/strong> Nouhoum a grandi dans une famille modeste, o\u00f9 il a appris les valeurs de la pers\u00e9v\u00e9rance et de l&rsquo;engagement. Son parcours scolaire classique a jet\u00e9 les bases de son succ\u00e8s futur.<\/p>\n\n\n\n<p><strong>D\u00e9buts Professionnels<\/strong> Apr\u00e8s l&rsquo;universit\u00e9, Nouhoum a commenc\u00e9 \u00e0 explorer le monde entrepreneurial, lan\u00e7ant de petits projets qui ont affin\u00e9 son acuit\u00e9 commerciale.<\/p>\n\n\n\n<p><strong>Premi\u00e8re Entreprise<\/strong> Il a lanc\u00e9 sa premi\u00e8re entreprise dans le secteur des assurances, marquant le d\u00e9but de son ascension dans le monde des affaires.<\/p>\n\n\n\n<p><strong>Expansion et Retour aux Racines<\/strong> Nouhoum a ensuite \u00e9largi ses horizons en travaillant en Afrique centrale. Cette exp\u00e9rience internationale a enrichi sa perspective avant de retourner dans son pays pour lancer une entreprise plus ambitieuse.<\/p>\n\n\n\n<p><strong>Alphadistrib.com : <\/strong><\/p>\n\n\n\n<p> Son entreprise la plus r\u00e9cente, alphadistrib.com, se sp\u00e9cialise dans la distribution et le marketing digital, d\u00e9montrant sa capacit\u00e9 \u00e0 innover et \u00e0 s&rsquo;adapter aux tendances du march\u00e9.<\/p>\n\n\n\n<p><strong>Contacts<\/strong><\/p>\n\n\n\n<ul class=\"wp-block-list\">\n<li>Nouhoum Thiam : <a href=\"mailto:contact@nouhoumthiam.com\">contact@nouhoumthiam.com<\/a><\/li>\n\n\n\n<li>Alphadistrib.com : <a href=\"mailto:contact@alphadistrib.com\">contact@alphadistrib.com<\/a><\/li>\n<\/ul>\n\n\n\n<p>Nouhoum Thiam continue de repousser les limites de l&rsquo;entrepreneuriat, prouvant que le succ\u00e8s est \u00e0 la port\u00e9e de ceux qui sont pr\u00eats \u00e0 agir. Son parcours est une source d&rsquo;inspiration pour tous.<\/p>\n\n\n\n<figure class=\"wp-block-image size-large\"><img loading=\"lazy\" decoding=\"async\" width=\"1024\" height=\"576\" src=\"https:\/\/nouhoumthiam.com\/wp-content\/uploads\/2023\/11\/presentation-NT-1024x576.png\" alt=\"\" class=\"wp-image-20\" srcset=\"https:\/\/nouhoumthiam.com\/wp-content\/uploads\/2023\/11\/presentation-NT-1024x576.png 1024w, https:\/\/nouhoumthiam.com\/wp-content\/uploads\/2023\/11\/presentation-NT-300x169.png 300w, https:\/\/nouhoumthiam.com\/wp-content\/uploads\/2023\/11\/presentation-NT-768x432.png 768w, https:\/\/nouhoumthiam.com\/wp-content\/uploads\/2023\/11\/presentation-NT-600x338.png 600w, https:\/\/nouhoumthiam.com\/wp-content\/uploads\/2023\/11\/presentation-NT.png 1280w\" sizes=\"auto, (max-width: 1024px) 100vw, 1024px\" \/><\/figure>\n","protected":false},"excerpt":{"rendered":"<p>Nouhoum Thiam, est un entrepreneur \u00e0 succ\u00e8s. Il incarne l&rsquo;excellence et l&rsquo;innovation dans le monde des affaires. Parti de modestes d\u00e9buts, il est la preuve vivante que \u00ab\u00a0la puissance r\u00e9side dans l&rsquo;action\u00a0\u00bb. Enfance et Formation Nouhoum a grandi dans une famille modeste, o\u00f9 il a appris les valeurs de la [&hellip;]<\/p>\n","protected":false},"author":1,"featured_media":0,"parent":0,"menu_order":0,"comment_status":"closed","ping_status":"closed","template":"","meta":{"om_disable_all_campaigns":false,"_uf_show_specific_survey":0,"_uf_disable_surveys":false,"footnotes":""},"class_list":["post-19","page","type-page","status-publish","hentry"],"_links":{"self":[{"href":"https:\/\/nouhoumthiam.com\/index.php?rest_route=\/wp\/v2\/pages\/19","targetHints":{"allow":["GET"]}}],"collection":[{"href":"https:\/\/nouhoumthiam.com\/index.php?rest_route=\/wp\/v2\/pages"}],"about":[{"href":"https:\/\/nouhoumthiam.com\/index.php?rest_route=\/wp\/v2\/types\/page"}],"author":[{"embeddable":true,"href":"https:\/\/nouhoumthiam.com\/index.php?rest_route=\/wp\/v2\/users\/1"}],"replies":[{"embeddable":true,"href":"https:\/\/nouhoumthiam.com\/index.php?rest_route=%2Fwp%2Fv2%2Fcomments&post=19"}],"version-history":[{"count":2,"href":"https:\/\/nouhoumthiam.com\/index.php?rest_route=\/wp\/v2\/pages\/19\/revisions"}],"predecessor-version":[{"id":62,"href":"https:\/\/nouhoumthiam.com\/index.php?rest_route=\/wp\/v2\/pages\/19\/revisions\/62"}],"wp:attachment":[{"href":"https:\/\/nouhoumthiam.com\/index.php?rest_route=%2Fwp%2Fv2%2Fmedia&parent=19"}],"curies":[{"name":"wp","href":"https:\/\/api.w.org\/{rel}","templated":true}]}}